{"id":221,"date":"2020-07-18T02:56:48","date_gmt":"2020-07-18T02:56:48","guid":{"rendered":"https:\/\/cmml.edu.mx\/?page_id=221"},"modified":"2024-10-16T20:01:08","modified_gmt":"2024-10-16T20:01:08","slug":"primaria","status":"publish","type":"page","link":"https:\/\/www.cmml.edu.mx\/?page_id=221","title":{"rendered":"Nivel Primaria"},"content":{"rendered":"\n<p class=\"has-text-align-center\">En el Nivel Primaria se realiza una continuidad a los aprendizajes y habilidades adquiridas en el nivel acad\u00e9mico anterior y se ampl\u00edan los conocimientos en \u00e1reas como comprensi\u00f3n oral, lecto-escritura, pensamiento matem\u00e1tico, as\u00ed como aspectos culturales y de convivencia, favoreciendo el desarrollo integral del alumno.<\/p>\n\n\n\n<figure class=\"wp-block-image size-large\"><img loading=\"lazy\" decoding=\"async\" width=\"1024\" height=\"768\" src=\"https:\/\/cmml.edu.mx\/wp-content\/uploads\/2020\/07\/IMG_0619-1024x768.jpg\" alt=\"\" class=\"wp-image-334\" srcset=\"https:\/\/www.cmml.edu.mx\/wp-content\/uploads\/2020\/07\/IMG_0619-1024x768.jpg 1024w, https:\/\/www.cmml.edu.mx\/wp-content\/uploads\/2020\/07\/IMG_0619-300x225.jpg 300w, https:\/\/www.cmml.edu.mx\/wp-content\/uploads\/2020\/07\/IMG_0619-768x576.jpg 768w\" sizes=\"auto, (max-width: 1024px) 100vw, 1024px\" \/><figcaption><strong>Edificio 2 Primaria Mayor-Secundaria<\/strong><\/figcaption><\/figure>\n\n\n\n<h2 class=\"has-text-align-center wp-block-heading\">PLAN DE ESTUDIO<\/h2>\n\n\n\n<figure class=\"wp-block-gallery columns-1 is-cropped wp-block-gallery-1 is-layout-flex wp-block-gallery-is-layout-flex\"><ul class=\"blocks-gallery-grid\"><li class=\"blocks-gallery-item\"><figure><img loading=\"lazy\" decoding=\"async\" width=\"1024\" height=\"553\" src=\"https:\/\/cmml.edu.mx\/wp-content\/uploads\/2020\/07\/Imagen3-1024x553.png\" alt=\"\" data-id=\"398\" data-full-url=\"https:\/\/cmml.edu.mx\/wp-content\/uploads\/2020\/07\/Imagen3.png\" data-link=\"https:\/\/cmml.edu.mx\/primaria\/imagen3\/\" class=\"wp-image-398\" srcset=\"https:\/\/www.cmml.edu.mx\/wp-content\/uploads\/2020\/07\/Imagen3-1024x553.png 1024w, https:\/\/www.cmml.edu.mx\/wp-content\/uploads\/2020\/07\/Imagen3-300x162.png 300w, https:\/\/www.cmml.edu.mx\/wp-content\/uploads\/2020\/07\/Imagen3-768x415.png 768w, https:\/\/www.cmml.edu.mx\/wp-content\/uploads\/2020\/07\/Imagen3-1536x830.png 1536w, https:\/\/www.cmml.edu.mx\/wp-content\/uploads\/2020\/07\/Imagen3.png 1845w\" sizes=\"auto, (max-width: 1024px) 100vw, 1024px\" \/><\/figure><\/li><\/ul><\/figure>\n\n\n\n<h2 class=\"has-text-align-center wp-block-heading\">MODALIDADES DE TRABAJO<\/h2>\n\n\n\n<p>\u2022 Uso de actividades l\u00fadicas y material did\u00e1ctico.<\/p>\n\n\n\n<p>\u2022 Ense\u00f1anza a trav\u00e9s de TICs (Laboratorio de computaci\u00f3n, sala audiovisual, etc.)<\/p>\n\n\n\n<p>\u2022 Educaci\u00f3n a trav\u00e9s de valores.<\/p>\n\n\n\n<p>\u2022 Evaluaciones parciales y trimestrales.<\/p>\n\n\n\n<p>\u2022 Departamento de psicolog\u00eda (detecci\u00f3n y canalizaci\u00f3n).<\/p>\n\n\n\n<p>\u2022 Personal docente capacitado y comprometido en la ense\u00f1anza de los alumnos.<\/p>\n\n\n\n<p>\u2022 Departamento de enfermer\u00eda.<\/p>\n\n\n\n<p>\u2022 Instalaciones adecuados para el desarrollo acad\u00e9mico y social.<\/p>\n\n\n\n<p>\u2022 Laboratorios de C\u00f3mputo y de Ciencias.<\/p>\n\n\n\n<figure class=\"wp-block-gallery columns-3 is-cropped wp-block-gallery-2 is-layout-flex wp-block-gallery-is-layout-flex\"><ul class=\"blocks-gallery-grid\"><li class=\"blocks-gallery-item\"><figure><img loading=\"lazy\" decoding=\"async\" width=\"1024\" height=\"768\" src=\"https:\/\/cmml.edu.mx\/wp-content\/uploads\/2020\/07\/IMG-0612-1024x768.jpg\" alt=\"\" data-id=\"404\" data-link=\"https:\/\/cmml.edu.mx\/primaria\/img-0612\/\" class=\"wp-image-404\" srcset=\"https:\/\/www.cmml.edu.mx\/wp-content\/uploads\/2020\/07\/IMG-0612-1024x768.jpg 1024w, https:\/\/www.cmml.edu.mx\/wp-content\/uploads\/2020\/07\/IMG-0612-300x225.jpg 300w, https:\/\/www.cmml.edu.mx\/wp-content\/uploads\/2020\/07\/IMG-0612-768x576.jpg 768w, https:\/\/www.cmml.edu.mx\/wp-content\/uploads\/2020\/07\/IMG-0612-1536x1152.jpg 1536w, https:\/\/www.cmml.edu.mx\/wp-content\/uploads\/2020\/07\/IMG-0612-2048x1536.jpg 2048w\" sizes=\"auto, (max-width: 1024px) 100vw, 1024px\" \/><\/figure><\/li><li class=\"blocks-gallery-item\"><figure><img loading=\"lazy\" decoding=\"async\" width=\"1024\" height=\"768\" src=\"https:\/\/cmml.edu.mx\/wp-content\/uploads\/2020\/07\/\u00edndice.jpg\" alt=\"\" data-id=\"277\" data-link=\"https:\/\/cmml.edu.mx\/about\/indice\/\" class=\"wp-image-277\" srcset=\"https:\/\/www.cmml.edu.mx\/wp-content\/uploads\/2020\/07\/\u00edndice.jpg 1024w, https:\/\/www.cmml.edu.mx\/wp-content\/uploads\/2020\/07\/\u00edndice-300x225.jpg 300w, https:\/\/www.cmml.edu.mx\/wp-content\/uploads\/2020\/07\/\u00edndice-768x576.jpg 768w\" sizes=\"auto, (max-width: 1024px) 100vw, 1024px\" \/><\/figure><\/li><li class=\"blocks-gallery-item\"><figure><img loading=\"lazy\" decoding=\"async\" width=\"1024\" height=\"768\" src=\"https:\/\/cmml.edu.mx\/wp-content\/uploads\/2020\/07\/0ea7a819-5254-4b2b-944d-caa0774be385-1024x768.jpg\" alt=\"\" data-id=\"406\" data-full-url=\"https:\/\/cmml.edu.mx\/wp-content\/uploads\/2020\/07\/0ea7a819-5254-4b2b-944d-caa0774be385.jpg\" data-link=\"https:\/\/cmml.edu.mx\/primaria\/0ea7a819-5254-4b2b-944d-caa0774be385\/\" class=\"wp-image-406\" srcset=\"https:\/\/www.cmml.edu.mx\/wp-content\/uploads\/2020\/07\/0ea7a819-5254-4b2b-944d-caa0774be385-1024x768.jpg 1024w, https:\/\/www.cmml.edu.mx\/wp-content\/uploads\/2020\/07\/0ea7a819-5254-4b2b-944d-caa0774be385-300x225.jpg 300w, https:\/\/www.cmml.edu.mx\/wp-content\/uploads\/2020\/07\/0ea7a819-5254-4b2b-944d-caa0774be385-768x576.jpg 768w, https:\/\/www.cmml.edu.mx\/wp-content\/uploads\/2020\/07\/0ea7a819-5254-4b2b-944d-caa0774be385.jpg 1280w\" sizes=\"auto, (max-width: 1024px) 100vw, 1024px\" \/><\/figure><\/li><li class=\"blocks-gallery-item\"><figure><img loading=\"lazy\" decoding=\"async\" width=\"768\" height=\"1024\" src=\"https:\/\/cmml.edu.mx\/wp-content\/uploads\/2020\/07\/8a1403e7-ecf5-4193-9269-e191ea282c8b-768x1024.jpg\" alt=\"\" data-id=\"407\" data-full-url=\"https:\/\/cmml.edu.mx\/wp-content\/uploads\/2020\/07\/8a1403e7-ecf5-4193-9269-e191ea282c8b.jpg\" data-link=\"https:\/\/cmml.edu.mx\/primaria\/8a1403e7-ecf5-4193-9269-e191ea282c8b\/\" class=\"wp-image-407\" srcset=\"https:\/\/www.cmml.edu.mx\/wp-content\/uploads\/2020\/07\/8a1403e7-ecf5-4193-9269-e191ea282c8b-768x1024.jpg 768w, https:\/\/www.cmml.edu.mx\/wp-content\/uploads\/2020\/07\/8a1403e7-ecf5-4193-9269-e191ea282c8b-225x300.jpg 225w, https:\/\/www.cmml.edu.mx\/wp-content\/uploads\/2020\/07\/8a1403e7-ecf5-4193-9269-e191ea282c8b.jpg 960w\" sizes=\"auto, (max-width: 768px) 100vw, 768px\" \/><\/figure><\/li><li class=\"blocks-gallery-item\"><figure><img loading=\"lazy\" decoding=\"async\" width=\"1024\" height=\"577\" src=\"https:\/\/cmml.edu.mx\/wp-content\/uploads\/2020\/07\/29e03345-ac5e-457b-960d-f0d3008aa1c9-1024x577.jpg\" alt=\"\" data-id=\"408\" data-full-url=\"https:\/\/cmml.edu.mx\/wp-content\/uploads\/2020\/07\/29e03345-ac5e-457b-960d-f0d3008aa1c9.jpg\" data-link=\"https:\/\/cmml.edu.mx\/primaria\/29e03345-ac5e-457b-960d-f0d3008aa1c9\/\" class=\"wp-image-408\" srcset=\"https:\/\/www.cmml.edu.mx\/wp-content\/uploads\/2020\/07\/29e03345-ac5e-457b-960d-f0d3008aa1c9-1024x577.jpg 1024w, https:\/\/www.cmml.edu.mx\/wp-content\/uploads\/2020\/07\/29e03345-ac5e-457b-960d-f0d3008aa1c9-300x169.jpg 300w, https:\/\/www.cmml.edu.mx\/wp-content\/uploads\/2020\/07\/29e03345-ac5e-457b-960d-f0d3008aa1c9-768x433.jpg 768w, https:\/\/www.cmml.edu.mx\/wp-content\/uploads\/2020\/07\/29e03345-ac5e-457b-960d-f0d3008aa1c9.jpg 1280w\" sizes=\"auto, (max-width: 1024px) 100vw, 1024px\" \/><\/figure><\/li><li class=\"blocks-gallery-item\"><figure><img loading=\"lazy\" decoding=\"async\" width=\"768\" height=\"1024\" src=\"https:\/\/cmml.edu.mx\/wp-content\/uploads\/2020\/07\/62b51e05-a643-43c2-bb6c-63be2fe46a0a-768x1024.jpg\" alt=\"\" data-id=\"409\" data-full-url=\"https:\/\/cmml.edu.mx\/wp-content\/uploads\/2020\/07\/62b51e05-a643-43c2-bb6c-63be2fe46a0a.jpg\" data-link=\"https:\/\/cmml.edu.mx\/primaria\/62b51e05-a643-43c2-bb6c-63be2fe46a0a\/\" class=\"wp-image-409\" srcset=\"https:\/\/www.cmml.edu.mx\/wp-content\/uploads\/2020\/07\/62b51e05-a643-43c2-bb6c-63be2fe46a0a-768x1024.jpg 768w, https:\/\/www.cmml.edu.mx\/wp-content\/uploads\/2020\/07\/62b51e05-a643-43c2-bb6c-63be2fe46a0a-225x300.jpg 225w, https:\/\/www.cmml.edu.mx\/wp-content\/uploads\/2020\/07\/62b51e05-a643-43c2-bb6c-63be2fe46a0a.jpg 960w\" sizes=\"auto, (max-width: 768px) 100vw, 768px\" \/><\/figure><\/li><li class=\"blocks-gallery-item\"><figure><img loading=\"lazy\" decoding=\"async\" width=\"768\" height=\"1024\" src=\"https:\/\/cmml.edu.mx\/wp-content\/uploads\/2020\/07\/67be8908-752d-421c-900e-75f184eb64cd-768x1024.jpg\" alt=\"\" data-id=\"410\" data-full-url=\"https:\/\/cmml.edu.mx\/wp-content\/uploads\/2020\/07\/67be8908-752d-421c-900e-75f184eb64cd.jpg\" data-link=\"https:\/\/cmml.edu.mx\/primaria\/67be8908-752d-421c-900e-75f184eb64cd\/\" class=\"wp-image-410\" srcset=\"https:\/\/www.cmml.edu.mx\/wp-content\/uploads\/2020\/07\/67be8908-752d-421c-900e-75f184eb64cd-768x1024.jpg 768w, https:\/\/www.cmml.edu.mx\/wp-content\/uploads\/2020\/07\/67be8908-752d-421c-900e-75f184eb64cd-225x300.jpg 225w, https:\/\/www.cmml.edu.mx\/wp-content\/uploads\/2020\/07\/67be8908-752d-421c-900e-75f184eb64cd.jpg 960w\" sizes=\"auto, (max-width: 768px) 100vw, 768px\" \/><\/figure><\/li><li class=\"blocks-gallery-item\"><figure><img loading=\"lazy\" decoding=\"async\" width=\"1024\" height=\"768\" src=\"https:\/\/cmml.edu.mx\/wp-content\/uploads\/2020\/07\/94d4031a-3bdd-452f-8dc7-c04c5e6eda2e-1024x768.jpg\" alt=\"\" data-id=\"411\" data-full-url=\"https:\/\/cmml.edu.mx\/wp-content\/uploads\/2020\/07\/94d4031a-3bdd-452f-8dc7-c04c5e6eda2e.jpg\" data-link=\"https:\/\/cmml.edu.mx\/primaria\/94d4031a-3bdd-452f-8dc7-c04c5e6eda2e\/\" class=\"wp-image-411\" srcset=\"https:\/\/www.cmml.edu.mx\/wp-content\/uploads\/2020\/07\/94d4031a-3bdd-452f-8dc7-c04c5e6eda2e-1024x768.jpg 1024w, https:\/\/www.cmml.edu.mx\/wp-content\/uploads\/2020\/07\/94d4031a-3bdd-452f-8dc7-c04c5e6eda2e-300x225.jpg 300w, https:\/\/www.cmml.edu.mx\/wp-content\/uploads\/2020\/07\/94d4031a-3bdd-452f-8dc7-c04c5e6eda2e-768x576.jpg 768w, https:\/\/www.cmml.edu.mx\/wp-content\/uploads\/2020\/07\/94d4031a-3bdd-452f-8dc7-c04c5e6eda2e.jpg 1280w\" sizes=\"auto, (max-width: 1024px) 100vw, 1024px\" \/><\/figure><\/li><li class=\"blocks-gallery-item\"><figure><img loading=\"lazy\" decoding=\"async\" width=\"1024\" height=\"768\" src=\"https:\/\/cmml.edu.mx\/wp-content\/uploads\/2020\/07\/2062bd4d-c3d0-44ca-89e3-ea171de089f0-1024x768.jpg\" alt=\"\" data-id=\"412\" data-full-url=\"https:\/\/cmml.edu.mx\/wp-content\/uploads\/2020\/07\/2062bd4d-c3d0-44ca-89e3-ea171de089f0.jpg\" data-link=\"https:\/\/cmml.edu.mx\/primaria\/2062bd4d-c3d0-44ca-89e3-ea171de089f0\/\" class=\"wp-image-412\" srcset=\"https:\/\/www.cmml.edu.mx\/wp-content\/uploads\/2020\/07\/2062bd4d-c3d0-44ca-89e3-ea171de089f0-1024x768.jpg 1024w, https:\/\/www.cmml.edu.mx\/wp-content\/uploads\/2020\/07\/2062bd4d-c3d0-44ca-89e3-ea171de089f0-300x225.jpg 300w, https:\/\/www.cmml.edu.mx\/wp-content\/uploads\/2020\/07\/2062bd4d-c3d0-44ca-89e3-ea171de089f0-768x576.jpg 768w, https:\/\/www.cmml.edu.mx\/wp-content\/uploads\/2020\/07\/2062bd4d-c3d0-44ca-89e3-ea171de089f0.jpg 1280w\" sizes=\"auto, (max-width: 1024px) 100vw, 1024px\" \/><\/figure><\/li><li class=\"blocks-gallery-item\"><figure><img loading=\"lazy\" decoding=\"async\" width=\"768\" height=\"1024\" src=\"https:\/\/cmml.edu.mx\/wp-content\/uploads\/2020\/07\/cbd6007c-7a4d-4b9f-8b4a-707f13c1c94c-768x1024.jpg\" alt=\"\" data-id=\"413\" data-full-url=\"https:\/\/cmml.edu.mx\/wp-content\/uploads\/2020\/07\/cbd6007c-7a4d-4b9f-8b4a-707f13c1c94c.jpg\" data-link=\"https:\/\/cmml.edu.mx\/primaria\/cbd6007c-7a4d-4b9f-8b4a-707f13c1c94c\/\" class=\"wp-image-413\" srcset=\"https:\/\/www.cmml.edu.mx\/wp-content\/uploads\/2020\/07\/cbd6007c-7a4d-4b9f-8b4a-707f13c1c94c-768x1024.jpg 768w, https:\/\/www.cmml.edu.mx\/wp-content\/uploads\/2020\/07\/cbd6007c-7a4d-4b9f-8b4a-707f13c1c94c-225x300.jpg 225w, https:\/\/www.cmml.edu.mx\/wp-content\/uploads\/2020\/07\/cbd6007c-7a4d-4b9f-8b4a-707f13c1c94c.jpg 960w\" sizes=\"auto, (max-width: 768px) 100vw, 768px\" \/><\/figure><\/li><li class=\"blocks-gallery-item\"><figure><img loading=\"lazy\" decoding=\"async\" width=\"1024\" height=\"768\" src=\"https:\/\/cmml.edu.mx\/wp-content\/uploads\/2020\/07\/d823840e-68ff-492a-a3f6-b99b272bb88d-1024x768.jpg\" alt=\"\" data-id=\"414\" data-full-url=\"https:\/\/cmml.edu.mx\/wp-content\/uploads\/2020\/07\/d823840e-68ff-492a-a3f6-b99b272bb88d.jpg\" data-link=\"https:\/\/cmml.edu.mx\/primaria\/d823840e-68ff-492a-a3f6-b99b272bb88d\/\" class=\"wp-image-414\" srcset=\"https:\/\/www.cmml.edu.mx\/wp-content\/uploads\/2020\/07\/d823840e-68ff-492a-a3f6-b99b272bb88d-1024x768.jpg 1024w, https:\/\/www.cmml.edu.mx\/wp-content\/uploads\/2020\/07\/d823840e-68ff-492a-a3f6-b99b272bb88d-300x225.jpg 300w, https:\/\/www.cmml.edu.mx\/wp-content\/uploads\/2020\/07\/d823840e-68ff-492a-a3f6-b99b272bb88d-768x576.jpg 768w, https:\/\/www.cmml.edu.mx\/wp-content\/uploads\/2020\/07\/d823840e-68ff-492a-a3f6-b99b272bb88d.jpg 1280w\" sizes=\"auto, (max-width: 1024px) 100vw, 1024px\" \/><\/figure><\/li><li class=\"blocks-gallery-item\"><figure><img loading=\"lazy\" decoding=\"async\" width=\"768\" height=\"1024\" src=\"https:\/\/cmml.edu.mx\/wp-content\/uploads\/2020\/07\/fcfa8b42-4a06-4bc7-8773-933d76c94dc3-768x1024.jpg\" alt=\"\" data-id=\"415\" data-full-url=\"https:\/\/cmml.edu.mx\/wp-content\/uploads\/2020\/07\/fcfa8b42-4a06-4bc7-8773-933d76c94dc3.jpg\" data-link=\"https:\/\/cmml.edu.mx\/primaria\/fcfa8b42-4a06-4bc7-8773-933d76c94dc3\/\" class=\"wp-image-415\" srcset=\"https:\/\/www.cmml.edu.mx\/wp-content\/uploads\/2020\/07\/fcfa8b42-4a06-4bc7-8773-933d76c94dc3-768x1024.jpg 768w, https:\/\/www.cmml.edu.mx\/wp-content\/uploads\/2020\/07\/fcfa8b42-4a06-4bc7-8773-933d76c94dc3-225x300.jpg 225w, https:\/\/www.cmml.edu.mx\/wp-content\/uploads\/2020\/07\/fcfa8b42-4a06-4bc7-8773-933d76c94dc3.jpg 960w\" sizes=\"auto, (max-width: 768px) 100vw, 768px\" \/><\/figure><\/li><\/ul><\/figure>\n\n\n\n<p><\/p>\n\r\n","protected":false},"excerpt":{"rendered":"<p>En el Nivel Primaria se realiza una continuidad a los aprendizajes y habilidades adquiridas en el nivel acad\u00e9mico anterior y se ampl\u00edan los conocimientos en \u00e1reas como comprensi\u00f3n oral, lecto-escritura, pensamiento matem\u00e1tico, as\u00ed como aspectos culturales y de convivencia, favoreciendo el desarrollo integral del alumno. PLAN DE ESTUDIO MODALIDADES DE TRABAJO \u2022 Uso de actividades [&hellip;]<\/p>\n","protected":false},"author":2,"featured_media":0,"parent":0,"menu_order":0,"comment_status":"closed","ping_status":"open","template":"","meta":{"footnotes":""},"class_list":["post-221","page","type-page","status-publish","hentry"],"_links":{"self":[{"href":"https:\/\/www.cmml.edu.mx\/index.php?rest_route=\/wp\/v2\/pages\/221","targetHints":{"allow":["GET"]}}],"collection":[{"href":"https:\/\/www.cmml.edu.mx\/index.php?rest_route=\/wp\/v2\/pages"}],"about":[{"href":"https:\/\/www.cmml.edu.mx\/index.php?rest_route=\/wp\/v2\/types\/page"}],"author":[{"embeddable":true,"href":"https:\/\/www.cmml.edu.mx\/index.php?rest_route=\/wp\/v2\/users\/2"}],"replies":[{"embeddable":true,"href":"https:\/\/www.cmml.edu.mx\/index.php?rest_route=%2Fwp%2Fv2%2Fcomments&post=221"}],"version-history":[{"count":8,"href":"https:\/\/www.cmml.edu.mx\/index.php?rest_route=\/wp\/v2\/pages\/221\/revisions"}],"predecessor-version":[{"id":1173,"href":"https:\/\/www.cmml.edu.mx\/index.php?rest_route=\/wp\/v2\/pages\/221\/revisions\/1173"}],"wp:attachment":[{"href":"https:\/\/www.cmml.edu.mx\/index.php?rest_route=%2Fwp%2Fv2%2Fmedia&parent=221"}],"curies":[{"name":"wp","href":"https:\/\/api.w.org\/{rel}","templated":true}]}}