{"id":231,"date":"2020-07-18T03:19:55","date_gmt":"2020-07-18T03:19:55","guid":{"rendered":"https:\/\/cmml.edu.mx\/?page_id=231"},"modified":"2024-10-16T20:01:08","modified_gmt":"2024-10-16T20:01:08","slug":"plataforma-digital","status":"publish","type":"page","link":"https:\/\/www.cmml.edu.mx\/?page_id=231","title":{"rendered":"Plataforma Digital"},"content":{"rendered":"\r\n<p>Con el fin de dar continuidad a las actividades acad\u00e9micas de los programas educativos , el Colegio Manuel Mar\u00eda Lombardini instituye una Plataforma Digital con el fin de transformar y habilitar los procesos de ense\u00f1anza-aprendizaje presencial a la modalidad en l\u00ednea, para lo cual se pone a disposici\u00f3n de toda nuestra comunidad acad\u00e9mica los servicios institucionales, as\u00ed como el soporte acad\u00e9mico para asegurar que tanto el profesor como el estudiante cuenten con el apoyo que les permita atender las clases en l\u00ednea.<\/p>\r\n<p>&nbsp;<\/p>\r\n\r\n\r\n\r\n<div class=\"wp-block-buttons is-layout-flex wp-block-buttons-is-layout-flex\">\r\n<div class=\"wp-block-button\" style=\"text-align: center;\"><a class=\"wp-block-button__link has-text-color has-very-light-gray-color has-background\" style=\"background-color: #004b8e;\" href=\"http:\/\/office.com\">Acceso a plataforma Digital<\/a><\/div>\r\n<\/div>\r\n<div>\u00a0<\/div>\r\n<div>\u00a0<\/div>\r\n\r\n\r\n\r\n<figure class=\"wp-block-image size-large\"><img loading=\"lazy\" decoding=\"async\" width=\"1024\" height=\"626\" class=\"wp-image-555\" src=\"https:\/\/cmml.edu.mx\/wp-content\/uploads\/2020\/07\/Imagen7-1-1024x626.png\" alt=\"\" srcset=\"https:\/\/www.cmml.edu.mx\/wp-content\/uploads\/2020\/07\/Imagen7-1-1024x626.png 1024w, https:\/\/www.cmml.edu.mx\/wp-content\/uploads\/2020\/07\/Imagen7-1-300x183.png 300w, https:\/\/www.cmml.edu.mx\/wp-content\/uploads\/2020\/07\/Imagen7-1-768x469.png 768w, https:\/\/www.cmml.edu.mx\/wp-content\/uploads\/2020\/07\/Imagen7-1-1536x938.png 1536w, https:\/\/www.cmml.edu.mx\/wp-content\/uploads\/2020\/07\/Imagen7-1.png 1704w\" sizes=\"auto, (max-width: 1024px) 100vw, 1024px\" \/><\/figure>\r\n\r\n\r\n\r\n<figure class=\"wp-block-image size-large\"><img loading=\"lazy\" decoding=\"async\" width=\"1024\" height=\"575\" class=\"wp-image-556\" src=\"https:\/\/cmml.edu.mx\/wp-content\/uploads\/2020\/07\/Imagen8-1024x575.png\" alt=\"\" srcset=\"https:\/\/www.cmml.edu.mx\/wp-content\/uploads\/2020\/07\/Imagen8-1024x575.png 1024w, https:\/\/www.cmml.edu.mx\/wp-content\/uploads\/2020\/07\/Imagen8-300x169.png 300w, https:\/\/www.cmml.edu.mx\/wp-content\/uploads\/2020\/07\/Imagen8-768x432.png 768w, https:\/\/www.cmml.edu.mx\/wp-content\/uploads\/2020\/07\/Imagen8-1536x863.png 1536w, https:\/\/www.cmml.edu.mx\/wp-content\/uploads\/2020\/07\/Imagen8.png 2000w\" sizes=\"auto, (max-width: 1024px) 100vw, 1024px\" \/><\/figure>\r\n\r\n\r\n\r\n<figure class=\"wp-block-image size-large\"><img loading=\"lazy\" decoding=\"async\" width=\"1024\" height=\"576\" class=\"wp-image-558\" src=\"https:\/\/cmml.edu.mx\/wp-content\/uploads\/2020\/07\/Imagen9-1024x576.png\" alt=\"\" srcset=\"https:\/\/www.cmml.edu.mx\/wp-content\/uploads\/2020\/07\/Imagen9-1024x576.png 1024w, https:\/\/www.cmml.edu.mx\/wp-content\/uploads\/2020\/07\/Imagen9-300x169.png 300w, https:\/\/www.cmml.edu.mx\/wp-content\/uploads\/2020\/07\/Imagen9-768x432.png 768w, https:\/\/www.cmml.edu.mx\/wp-content\/uploads\/2020\/07\/Imagen9-1536x864.png 1536w, https:\/\/www.cmml.edu.mx\/wp-content\/uploads\/2020\/07\/Imagen9.png 2000w\" sizes=\"auto, (max-width: 1024px) 100vw, 1024px\" \/><\/figure>\r\n\r\n\r\n\r\n<figure class=\"wp-block-image size-large\"><img loading=\"lazy\" decoding=\"async\" width=\"1024\" height=\"575\" class=\"wp-image-557\" src=\"https:\/\/cmml.edu.mx\/wp-content\/uploads\/2020\/07\/Imagen10-1024x575.png\" alt=\"\" srcset=\"https:\/\/www.cmml.edu.mx\/wp-content\/uploads\/2020\/07\/Imagen10-1024x575.png 1024w, https:\/\/www.cmml.edu.mx\/wp-content\/uploads\/2020\/07\/Imagen10-300x169.png 300w, https:\/\/www.cmml.edu.mx\/wp-content\/uploads\/2020\/07\/Imagen10-768x432.png 768w, https:\/\/www.cmml.edu.mx\/wp-content\/uploads\/2020\/07\/Imagen10-1536x863.png 1536w, https:\/\/www.cmml.edu.mx\/wp-content\/uploads\/2020\/07\/Imagen10.png 2000w\" sizes=\"auto, (max-width: 1024px) 100vw, 1024px\" \/><\/figure>\r\n\r\n<p><\/p>","protected":false},"excerpt":{"rendered":"<p>Con el fin de dar continuidad a las actividades acad\u00e9micas de los programas educativos , el Colegio Manuel Mar\u00eda Lombardini instituye una Plataforma Digital con el fin de transformar y habilitar los procesos de ense\u00f1anza-aprendizaje presencial a la modalidad en l\u00ednea, para lo cual se pone a disposici\u00f3n de toda nuestra comunidad acad\u00e9mica los servicios [&hellip;]<\/p>\n","protected":false},"author":2,"featured_media":0,"parent":0,"menu_order":0,"comment_status":"closed","ping_status":"closed","template":"","meta":{"footnotes":""},"class_list":["post-231","page","type-page","status-publish","hentry"],"_links":{"self":[{"href":"https:\/\/www.cmml.edu.mx\/index.php?rest_route=\/wp\/v2\/pages\/231","targetHints":{"allow":["GET"]}}],"collection":[{"href":"https:\/\/www.cmml.edu.mx\/index.php?rest_route=\/wp\/v2\/pages"}],"about":[{"href":"https:\/\/www.cmml.edu.mx\/index.php?rest_route=\/wp\/v2\/types\/page"}],"author":[{"embeddable":true,"href":"https:\/\/www.cmml.edu.mx\/index.php?rest_route=\/wp\/v2\/users\/2"}],"replies":[{"embeddable":true,"href":"https:\/\/www.cmml.edu.mx\/index.php?rest_route=%2Fwp%2Fv2%2Fcomments&post=231"}],"version-history":[{"count":9,"href":"https:\/\/www.cmml.edu.mx\/index.php?rest_route=\/wp\/v2\/pages\/231\/revisions"}],"predecessor-version":[{"id":1165,"href":"https:\/\/www.cmml.edu.mx\/index.php?rest_route=\/wp\/v2\/pages\/231\/revisions\/1165"}],"wp:attachment":[{"href":"https:\/\/www.cmml.edu.mx\/index.php?rest_route=%2Fwp%2Fv2%2Fmedia&parent=231"}],"curies":[{"name":"wp","href":"https:\/\/api.w.org\/{rel}","templated":true}]}}