{"id":380,"date":"2020-07-22T23:24:08","date_gmt":"2020-07-22T23:24:08","guid":{"rendered":"https:\/\/cmml.edu.mx\/?page_id=380"},"modified":"2024-10-16T20:01:08","modified_gmt":"2024-10-16T20:01:08","slug":"junior-high-english","status":"publish","type":"page","link":"https:\/\/www.cmml.edu.mx\/?page_id=380","title":{"rendered":"Junior High English"},"content":{"rendered":"\n<div class=\"wp-block-image\"><figure class=\"aligncenter size-large\"><img loading=\"lazy\" decoding=\"async\" width=\"274\" height=\"104\" src=\"https:\/\/cmml.edu.mx\/wp-content\/uploads\/2020\/07\/Imagen1-1.png\" alt=\"\" class=\"wp-image-447\"\/><\/figure><\/div>\n\n\n\n<p>Junior High English es un programa de tres niveles dise\u00f1ado para adolecentes que combina las cuatro habilidades comunicativas del idioma.<\/p>\n\n\n\n<h2 class=\"has-text-align-center wp-block-heading\">METHODOLOGY<\/h2>\n\n\n\n<figure class=\"wp-block-image size-large\"><img loading=\"lazy\" decoding=\"async\" width=\"1024\" height=\"655\" src=\"https:\/\/cmml.edu.mx\/wp-content\/uploads\/2020\/07\/Imagen11-1024x655.png\" alt=\"\" class=\"wp-image-439\" srcset=\"https:\/\/www.cmml.edu.mx\/wp-content\/uploads\/2020\/07\/Imagen11-1024x655.png 1024w, https:\/\/www.cmml.edu.mx\/wp-content\/uploads\/2020\/07\/Imagen11-300x192.png 300w, https:\/\/www.cmml.edu.mx\/wp-content\/uploads\/2020\/07\/Imagen11-768x491.png 768w, https:\/\/www.cmml.edu.mx\/wp-content\/uploads\/2020\/07\/Imagen11-1536x982.png 1536w, https:\/\/www.cmml.edu.mx\/wp-content\/uploads\/2020\/07\/Imagen11.png 1624w\" sizes=\"auto, (max-width: 1024px) 100vw, 1024px\" \/><\/figure>\n\n\n\n<h2 class=\"has-text-align-center wp-block-heading\">SCIENCE PROGRAM<\/h2>\n\n\n\n<figure class=\"wp-block-image size-large\"><img loading=\"lazy\" decoding=\"async\" width=\"1024\" height=\"672\" src=\"https:\/\/cmml.edu.mx\/wp-content\/uploads\/2020\/07\/Imagen12-1024x672.png\" alt=\"\" class=\"wp-image-442\" srcset=\"https:\/\/www.cmml.edu.mx\/wp-content\/uploads\/2020\/07\/Imagen12-1024x672.png 1024w, https:\/\/www.cmml.edu.mx\/wp-content\/uploads\/2020\/07\/Imagen12-300x197.png 300w, https:\/\/www.cmml.edu.mx\/wp-content\/uploads\/2020\/07\/Imagen12-768x504.png 768w, https:\/\/www.cmml.edu.mx\/wp-content\/uploads\/2020\/07\/Imagen12.png 1355w\" sizes=\"auto, (max-width: 1024px) 100vw, 1024px\" \/><\/figure>\n\n\n\n<h2 class=\"has-text-align-center wp-block-heading\">TOEFL JUNIOR\u00ae AUTHORIZED TEST CENTER<\/h2>\n\n\n\n<p>Dise\u00f1ado espec\u00edficamente para alumnos a partir de Nivel Secundaria, examen que mide las habilidades en Listening, Reading y Language Form and Meaning.<\/p>\n\n\n\n<p>TOEFL Junior Standard\u00ae es la medida objetiva para el desarrollo de las habilidades comunicativas en el idioma ingl\u00e9s.<\/p>\n\n\n\n<p>M\u00e1s de 10,000 universidades, organizaciones y otras instituciones<br>en m\u00e1s de 130 pa\u00edses aceptan las calificaciones de TOEFL\u00ae. <\/p>\n\n\n\n<p>Otras organizaciones tambi\u00e9n conf\u00edan en las calificaciones de TOEFL\u00ae:<\/p>\n\n\n\n<p>\u2022 Los departamentos de inmigraci\u00f3n las utilizan para emitir visas de<br>residencia y de trabajo.<\/p>\n\n\n\n<p>\u2022 Los organismos m\u00e9dicos y de expedici\u00f3n de licencias las utilizan con<br>fines de certificaci\u00f3n profesional.<\/p>\n\n\n\n<p>\u2022 Las personas las utilizan para medir su progreso en el aprendizaje<br>de ingl\u00e9s.<\/p>\n\n\n\n<h2 class=\"has-text-align-center wp-block-heading\"><strong>ARTICULATED ENGLISH S<\/strong>YSTEM<\/h2>\n\n\n\n<figure class=\"wp-block-image size-large\"><img loading=\"lazy\" decoding=\"async\" width=\"1024\" height=\"673\" src=\"https:\/\/cmml.edu.mx\/wp-content\/uploads\/2020\/07\/Imagen2-1024x673.png\" alt=\"\" class=\"wp-image-395\" srcset=\"https:\/\/www.cmml.edu.mx\/wp-content\/uploads\/2020\/07\/Imagen2-1024x673.png 1024w, https:\/\/www.cmml.edu.mx\/wp-content\/uploads\/2020\/07\/Imagen2-300x197.png 300w, https:\/\/www.cmml.edu.mx\/wp-content\/uploads\/2020\/07\/Imagen2-768x505.png 768w, https:\/\/www.cmml.edu.mx\/wp-content\/uploads\/2020\/07\/Imagen2-1536x1009.png 1536w, https:\/\/www.cmml.edu.mx\/wp-content\/uploads\/2020\/07\/Imagen2.png 1539w\" sizes=\"auto, (max-width: 1024px) 100vw, 1024px\" \/><figcaption><strong>Articulated English System<\/strong><\/figcaption><\/figure>\n\r\n","protected":false},"excerpt":{"rendered":"<p>Junior High English es un programa de tres niveles dise\u00f1ado para adolecentes que combina las cuatro habilidades comunicativas del idioma. METHODOLOGY SCIENCE PROGRAM TOEFL JUNIOR\u00ae AUTHORIZED TEST CENTER Dise\u00f1ado espec\u00edficamente para alumnos a partir de Nivel Secundaria, examen que mide las habilidades en Listening, Reading y Language Form and Meaning. TOEFL Junior Standard\u00ae es la [&hellip;]<\/p>\n","protected":false},"author":3,"featured_media":0,"parent":0,"menu_order":0,"comment_status":"closed","ping_status":"closed","template":"","meta":{"footnotes":""},"class_list":["post-380","page","type-page","status-publish","hentry"],"_links":{"self":[{"href":"https:\/\/www.cmml.edu.mx\/index.php?rest_route=\/wp\/v2\/pages\/380","targetHints":{"allow":["GET"]}}],"collection":[{"href":"https:\/\/www.cmml.edu.mx\/index.php?rest_route=\/wp\/v2\/pages"}],"about":[{"href":"https:\/\/www.cmml.edu.mx\/index.php?rest_route=\/wp\/v2\/types\/page"}],"author":[{"embeddable":true,"href":"https:\/\/www.cmml.edu.mx\/index.php?rest_route=\/wp\/v2\/users\/3"}],"replies":[{"embeddable":true,"href":"https:\/\/www.cmml.edu.mx\/index.php?rest_route=%2Fwp%2Fv2%2Fcomments&post=380"}],"version-history":[{"count":7,"href":"https:\/\/www.cmml.edu.mx\/index.php?rest_route=\/wp\/v2\/pages\/380\/revisions"}],"predecessor-version":[{"id":1186,"href":"https:\/\/www.cmml.edu.mx\/index.php?rest_route=\/wp\/v2\/pages\/380\/revisions\/1186"}],"wp:attachment":[{"href":"https:\/\/www.cmml.edu.mx\/index.php?rest_route=%2Fwp%2Fv2%2Fmedia&parent=380"}],"curies":[{"name":"wp","href":"https:\/\/api.w.org\/{rel}","templated":true}]}}