{"id":7,"date":"2017-11-19T08:04:23","date_gmt":"2017-11-19T08:04:23","guid":{"rendered":"http:\/\/demo.mysterythemes.com\/scholarship\/?page_id=7"},"modified":"2024-10-16T20:01:08","modified_gmt":"2024-10-16T20:01:08","slug":"about","status":"publish","type":"page","link":"https:\/\/www.cmml.edu.mx\/?page_id=7","title":{"rendered":"Acerca del Colegio"},"content":{"rendered":"\r\n<div class=\"wp-block-group\">\r\n<div class=\"wp-block-group__inner-container is-layout-flow wp-block-group-is-layout-flow\">\r\n<h3 class=\"vc_custom_heading\" style=\"text-align: center;\">El Colegio Manuel Mar\u00eda Lombardini es una instituci\u00f3n educativa privada fundada en el a\u00f1o 2000. Desde entonces y hasta la fecha ha logrado mantener un alto nivel acad\u00e9mico y un prestigio reconocido, caracteriz\u00e1ndose siempre por fomentar los valores institucionales que lo identifican como una de las mejores centros educativos de la zona poniente de la ciudad de Monterrey.\u00a0<\/h3>\r\n<p><img loading=\"lazy\" decoding=\"async\" class=\"aligncenter wp-image-1060 size-large\" src=\"https:\/\/www.cmml.edu.mx\/wp-content\/uploads\/2024\/08\/Banners-40x60-Lombardini-1024x683.png\" alt=\"\" width=\"640\" height=\"427\" srcset=\"https:\/\/www.cmml.edu.mx\/wp-content\/uploads\/2024\/08\/Banners-40x60-Lombardini-1024x683.png 1024w, https:\/\/www.cmml.edu.mx\/wp-content\/uploads\/2024\/08\/Banners-40x60-Lombardini-300x200.png 300w, https:\/\/www.cmml.edu.mx\/wp-content\/uploads\/2024\/08\/Banners-40x60-Lombardini-768x512.png 768w, https:\/\/www.cmml.edu.mx\/wp-content\/uploads\/2024\/08\/Banners-40x60-Lombardini-1536x1024.png 1536w, https:\/\/www.cmml.edu.mx\/wp-content\/uploads\/2024\/08\/Banners-40x60-Lombardini-2048x1365.png 2048w\" sizes=\"auto, (max-width: 640px) 100vw, 640px\" \/><\/p>\r\n<h1 style=\"text-align: center;\"><strong>MISI\u00d3N<\/strong><\/h1>\r\n<p style=\"text-align: center;\">Ofrecer educaci\u00f3n de calidad que promueva el crecimiento educativo basado en las competencias que presentan cada uno de los alumnos, para formar ciudadanos con un alto nivel acad\u00e9mico y desarrollo integral, mediante m\u00e9todos de ense\u00f1anza innovadores y personalizados para potenciar las capacidades de observaci\u00f3n y an\u00e1lisis cr\u00edtico que les permita adquirir confianza en s\u00ed mismos, y autonom\u00eda para vivir plenamente esta etapa y enfrentar los retos posteriores de su vida escolar y social.<\/p>\r\n<h1 style=\"text-align: center;\"><strong>VISI\u00d3N<\/strong><\/h1>\r\n<p style=\"text-align: center;\">Ser una instituci\u00f3n confiable de calidad, prestigio y modelo a seguir por su inter\u00e9s y trabajo en el desarrollo integral de cada uno de sus alumnos, as\u00ed como sus constantes innovaciones y mejoras continuas, logrando con ello el reconocimiento de cada una de sus generaciones de estudiantes.<\/p>\r\n<\/div>\r\n<\/div>\r\n\r\n\r\n\r\n<figure class=\"wp-block-gallery columns-3 is-cropped wp-block-gallery-1 is-layout-flex wp-block-gallery-is-layout-flex\">\r\n<p>&nbsp;<\/p>\r\n<\/figure>\r\n\r\n<p><\/p>","protected":false},"excerpt":{"rendered":"<p>El Colegio Manuel Mar\u00eda Lombardini es una instituci\u00f3n educativa privada fundada en el a\u00f1o 2000. Desde entonces y hasta la fecha ha logrado mantener un alto nivel acad\u00e9mico y un prestigio reconocido, caracteriz\u00e1ndose siempre por fomentar los valores institucionales que lo identifican como una de las mejores centros educativos de la zona poniente de la [&hellip;]<\/p>\n","protected":false},"author":2,"featured_media":0,"parent":0,"menu_order":0,"comment_status":"closed","ping_status":"closed","template":"","meta":{"footnotes":""},"class_list":["post-7","page","type-page","status-publish","hentry"],"_links":{"self":[{"href":"https:\/\/www.cmml.edu.mx\/index.php?rest_route=\/wp\/v2\/pages\/7","targetHints":{"allow":["GET"]}}],"collection":[{"href":"https:\/\/www.cmml.edu.mx\/index.php?rest_route=\/wp\/v2\/pages"}],"about":[{"href":"https:\/\/www.cmml.edu.mx\/index.php?rest_route=\/wp\/v2\/types\/page"}],"author":[{"embeddable":true,"href":"https:\/\/www.cmml.edu.mx\/index.php?rest_route=\/wp\/v2\/users\/2"}],"replies":[{"embeddable":true,"href":"https:\/\/www.cmml.edu.mx\/index.php?rest_route=%2Fwp%2Fv2%2Fcomments&post=7"}],"version-history":[{"count":8,"href":"https:\/\/www.cmml.edu.mx\/index.php?rest_route=\/wp\/v2\/pages\/7\/revisions"}],"predecessor-version":[{"id":1153,"href":"https:\/\/www.cmml.edu.mx\/index.php?rest_route=\/wp\/v2\/pages\/7\/revisions\/1153"}],"wp:attachment":[{"href":"https:\/\/www.cmml.edu.mx\/index.php?rest_route=%2Fwp%2Fv2%2Fmedia&parent=7"}],"curies":[{"name":"wp","href":"https:\/\/api.w.org\/{rel}","templated":true}]}}